{"id":16068,"date":"2024-04-22T12:26:36","date_gmt":"2024-04-22T10:26:36","guid":{"rendered":"https:\/\/www.chateaudecerons.fr\/?page_id=16068"},"modified":"2024-04-22T16:52:58","modified_gmt":"2024-04-22T14:52:58","slug":"chateau-calvimont-aoc-graves-red-10-years-edition","status":"publish","type":"page","link":"https:\/\/www.chateaudecerons.fr\/en\/chateau-calvimont-aoc-graves-red-10-years-edition\/","title":{"rendered":"CHATEAU CALVIMONT<br \/><span class=\"appellation\">AOC GRAVES RED 10 YEARS EDITION<\/span>"},"content":{"rendered":"[vc_row type=&#8221;in_container&#8221; full_screen_row_position=&#8221;middle&#8221; column_margin=&#8221;default&#8221; column_direction=&#8221;default&#8221; column_direction_tablet=&#8221;default&#8221; column_direction_phone=&#8221;default&#8221; scene_position=&#8221;center&#8221; text_color=&#8221;dark&#8221; text_align=&#8221;left&#8221; row_border_radius=&#8221;none&#8221; row_border_radius_applies=&#8221;bg&#8221; overflow=&#8221;visible&#8221; overlay_strength=&#8221;0.3&#8243; gradient_direction=&#8221;left_to_right&#8221; shape_divider_position=&#8221;bottom&#8221; bg_image_animation=&#8221;none&#8221;][vc_column column_padding=&#8221;no-extra-padding&#8221; column_padding_tablet=&#8221;inherit&#8221; column_padding_phone=&#8221;inherit&#8221; column_padding_position=&#8221;all&#8221; column_element_direction_desktop=&#8221;default&#8221; column_element_spacing=&#8221;default&#8221; desktop_text_alignment=&#8221;center&#8221; tablet_text_alignment=&#8221;default&#8221; phone_text_alignment=&#8221;default&#8221; sticky_content=&#8221;true&#8221; sticky_content_functionality=&#8221;js&#8221; background_color_opacity=&#8221;1&#8243; background_hover_color_opacity=&#8221;1&#8243; column_backdrop_filter=&#8221;none&#8221; column_shadow=&#8221;none&#8221; column_border_radius=&#8221;none&#8221; column_link_target=&#8221;_self&#8221; column_position=&#8221;default&#8221; gradient_direction=&#8221;left_to_right&#8221; overlay_strength=&#8221;0.3&#8243; width=&#8221;1\/4&#8243; tablet_width_inherit=&#8221;default&#8221; animation_type=&#8221;default&#8221; bg_image_animation=&#8221;none&#8221; border_type=&#8221;simple&#8221; column_border_width=&#8221;none&#8221; column_border_style=&#8221;solid&#8221; column_padding_type=&#8221;default&#8221; gradient_type=&#8221;default&#8221;][image_with_animation image_url=&#8221;15554&#8243; image_size=&#8221;full&#8221; animation_type=&#8221;entrance&#8221; animation=&#8221;None&#8221; animation_movement_type=&#8221;transform_y&#8221; hover_animation=&#8221;none&#8221; alignment=&#8221;center&#8221; border_radius=&#8221;none&#8221; box_shadow=&#8221;none&#8221; image_loading=&#8221;default&#8221; max_width=&#8221;100%&#8221; max_width_mobile=&#8221;default&#8221;][nectar_btn size=&#8221;jumbo&#8221; open_new_tab=&#8221;true&#8221; button_style=&#8221;see-through&#8221; button_color_2=&#8221;Extra-Color-1&#8243; icon_family=&#8221;fontawesome&#8221; nofollow=&#8221;true&#8221; text=&#8221;Buy online&#8221; url=&#8221;https:\/\/www.directchateaux.com\/en\/cerons\/227-chateau-calvimont-graves-red-aoc-arbouses-edition.html&#8221; icon_fontawesome=&#8221;fa fa-shopping-cart&#8221;][\/vc_column][vc_column column_padding=&#8221;no-extra-padding&#8221; column_padding_tablet=&#8221;inherit&#8221; column_padding_phone=&#8221;inherit&#8221; column_padding_position=&#8221;all&#8221; column_element_direction_desktop=&#8221;default&#8221; column_element_spacing=&#8221;default&#8221; desktop_text_alignment=&#8221;default&#8221; tablet_text_alignment=&#8221;default&#8221; phone_text_alignment=&#8221;default&#8221; background_color_opacity=&#8221;1&#8243; background_hover_color_opacity=&#8221;1&#8243; column_backdrop_filter=&#8221;none&#8221; column_shadow=&#8221;none&#8221; column_border_radius=&#8221;none&#8221; column_link_target=&#8221;_self&#8221; column_position=&#8221;default&#8221; gradient_direction=&#8221;left_to_right&#8221; overlay_strength=&#8221;0.3&#8243; width=&#8221;3\/4&#8243; tablet_width_inherit=&#8221;default&#8221; animation_type=&#8221;default&#8221; bg_image_animation=&#8221;none&#8221; border_type=&#8221;simple&#8221; column_border_width=&#8221;none&#8221; column_border_style=&#8221;solid&#8221;][nectar_highlighted_text color_type=&#8221;regular&#8221; style=&#8221;full_text&#8221; highlight_expansion=&#8221;default&#8221; text_direction=&#8221;default&#8221;]\n<h1>CH\u00c2TEAU CALVIMONT<br \/>\nAOC GRAVES RED<br \/>\n10 years Edition<\/h1>\n[\/nectar_highlighted_text][vc_column_text text_direction=&#8221;default&#8221;]<strong>10 years old\u2026<\/strong><\/p>\n<p>To celebrate their 10 years at the helm of Ch\u00e2teau de C\u00e9rons, Xavier and Caroline Perromat have tailored new labels to the bottles of Ch\u00e2teau Calvimont.<\/p>\n<p>A beautiful way to pay homage to the Marquis de Calvimont who made the property shine in the 18th century.<\/p>\n<p>These bottles are an ode to the quality of the terroir of C\u00e9rons and Graves, to the diversity of the plants and to the beauty of the Gironde nature that has surrounded Xavier and Caroline since their childhood and to the finesse of the wines they make.<\/p>\n<p>Immortelles and arbutus trees from the Arcachon basin, the big maple tree from the park of the Ch\u00e2teau de C\u00e9rons, present these creations in all their splendour.[\/vc_column_text][tabbed_section style=&#8221;vertical&#8221; tab_color=&#8221;Extra-Color-1&#8243; vs_content_animation=&#8221;fade&#8221; vs_link_animation=&#8221;opacity&#8221; vs_navigation_alignment=&#8221;left&#8221; vs_navigation_width_2=&#8221;25%&#8221; vs_navigation_func=&#8221;default&#8221; vs_navigation_width=&#8221;regular&#8221; vs_navigation_spacing=&#8221;15px&#8221; vs_navigation_mobile_display=&#8221;visible&#8221; vs_tab_spacing=&#8221;5%&#8221;][tab icon_family=&#8221;none&#8221; title=&#8221;Vintage 2020&#8243; id=&#8221;1713781472659-8&#8243; tab_id=&#8221;1713781472660-1&#8243;][vc_column_text text_direction=&#8221;default&#8221;]The 2020 vintage is particularly marked by a warm climate. The winter is mild, with little rainfall, accompanied by unusually warm temperatures. The budburst is early. The spring, warm and damp, favors an active growth. By contrast, the summer is dry and very hot, slowing down the maturation of the grapes. Fortunately, we receive a series of small stormy rains from mid-August onwards which boosts the ripening of the grapes. At harvest time, the berries are beautiful, very healthy and have a remarkable organoleptic quality. The wines are rich, aromatic and precise. The vintage is generous and intense. A tasty and voluptuous wine.[\/vc_column_text][nectar_btn size=&#8221;small&#8221; open_new_tab=&#8221;true&#8221; button_style=&#8221;regular&#8221; button_color_2=&#8221;Extra-Color-1&#8243; icon_family=&#8221;fontawesome&#8221; text=&#8221;Download the datasheet&#8221; url=&#8221;\/wp-content\/uploads\/2023\/07\/Technical-Details-Chateau-Calvimont-Graves-Red-2020-2.pdf&#8221; icon_fontawesome=&#8221;fa fa-book&#8221;][\/tab][tab icon_family=&#8221;none&#8221; title=&#8221;Vintage 2019&#8243; id=&#8221;1713781472653-6&#8243; tab_id=&#8221;1713781472653-8&#8243;][vc_column_text text_direction=&#8221;default&#8221;]Unpredictable and unusual weather! An exceptionally short, mild and rainy winter. Despite the early budding of the vines, we avoided the spring frosts of March, April and May.<\/p>\n<p>The heat settles suddenly at the end of May and brings us into the summer period, which accelerates the development of the vines. Hot and dry summer. Stormy rains at the beginning of August allowed the grapes to ripen in ideal conditions with alternating hot, sunny days and cool nights.<\/p>\n<p>The wines are ripe, rich and aromatic. They have sap and precision. 2019 is a wine of style and depth, a wine of balance, power and purity.[\/vc_column_text][nectar_btn size=&#8221;medium&#8221; open_new_tab=&#8221;true&#8221; button_style=&#8221;regular&#8221; button_color_2=&#8221;Extra-Color-1&#8243; icon_family=&#8221;fontawesome&#8221; text=&#8221;Download the datasheet&#8221; url=&#8221;\/wp-content\/uploads\/2022\/02\/chateau-calvimont-graves-rouge-2019-en.pdf&#8221; icon_fontawesome=&#8221;fa fa-book&#8221;][\/tab][\/tabbed_section][\/vc_column][\/vc_row]\n","protected":false},"excerpt":{"rendered":"<p>[vc_row type=&#8221;in_container&#8221; full_screen_row_position=&#8221;middle&#8221; column_margin=&#8221;default&#8221; column_direction=&#8221;default&#8221; column_direction_tablet=&#8221;default&#8221; column_direction_phone=&#8221;default&#8221; scene_position=&#8221;center&#8221; text_color=&#8221;dark&#8221; text_align=&#8221;left&#8221; row_border_radius=&#8221;none&#8221; row_border_radius_applies=&#8221;bg&#8221; overflow=&#8221;visible&#8221; overlay_strength=&#8221;0.3&#8243; gradient_direction=&#8221;left_to_right&#8221; shape_divider_position=&#8221;bottom&#8221; bg_image_animation=&#8221;none&#8221;][vc_column column_padding=&#8221;no-extra-padding&#8221; column_padding_tablet=&#8221;inherit&#8221; column_padding_phone=&#8221;inherit&#8221; column_padding_position=&#8221;all&#8221; column_element_direction_desktop=&#8221;default&#8221; column_element_spacing=&#8221;default&#8221; desktop_text_alignment=&#8221;center&#8221; tablet_text_alignment=&#8221;default&#8221; phone_text_alignment=&#8221;default&#8221; sticky_content=&#8221;true&#8221; sticky_content_functionality=&#8221;js&#8221; background_color_opacity=&#8221;1&#8243; background_hover_color_opacity=&#8221;1&#8243;&#8230;<\/p>\n","protected":false},"author":1,"featured_media":0,"parent":0,"menu_order":0,"comment_status":"closed","ping_status":"closed","template":"","meta":{"footnotes":""},"class_list":["post-16068","page","type-page","status-publish"],"yoast_head":"<!-- This site is optimized with the Yoast SEO plugin v27.1.1 - https:\/\/yoast.com\/product\/yoast-seo-wordpress\/ -->\n<title>CHATEAU CALVIMONT | AOC GRAVES RED 10 YEARS EDITION - Ch\u00e2teau de C\u00e9rons - Vins de Graves rouges et blancs<\/title>\n<meta name=\"robots\" content=\"index, follow, max-snippet:-1, max-image-preview:large, max-video-preview:-1\" \/>\n<link rel=\"canonical\" href=\"https:\/\/www.chateaudecerons.fr\/chateau-calvimont-aoc-graves-dry-white-3\/\" \/>\n<meta property=\"og:locale\" content=\"en_US\" \/>\n<meta property=\"og:type\" content=\"article\" \/>\n<meta property=\"og:title\" content=\"CHATEAU CALVIMONT | AOC GRAVES RED 10 YEARS EDITION - Ch\u00e2teau de C\u00e9rons - Vins de Graves rouges et blancs\" \/>\n<meta property=\"og:description\" content=\"[vc_row type=&#8221;in_container&#8221; full_screen_row_position=&#8221;middle&#8221; column_margin=&#8221;default&#8221; column_direction=&#8221;default&#8221; column_direction_tablet=&#8221;default&#8221; column_direction_phone=&#8221;default&#8221; scene_position=&#8221;center&#8221; text_color=&#8221;dark&#8221; text_align=&#8221;left&#8221; row_border_radius=&#8221;none&#8221; row_border_radius_applies=&#8221;bg&#8221; overflow=&#8221;visible&#8221; overlay_strength=&#8221;0.3&#8243; gradient_direction=&#8221;left_to_right&#8221; shape_divider_position=&#8221;bottom&#8221; bg_image_animation=&#8221;none&#8221;][vc_column column_padding=&#8221;no-extra-padding&#8221; column_padding_tablet=&#8221;inherit&#8221; column_padding_phone=&#8221;inherit&#8221; column_padding_position=&#8221;all&#8221; column_element_direction_desktop=&#8221;default&#8221; column_element_spacing=&#8221;default&#8221; desktop_text_alignment=&#8221;center&#8221; tablet_text_alignment=&#8221;default&#8221; phone_text_alignment=&#8221;default&#8221; sticky_content=&#8221;true&#8221; sticky_content_functionality=&#8221;js&#8221; background_color_opacity=&#8221;1&#8243; background_hover_color_opacity=&#8221;1&#8243;...\" \/>\n<meta property=\"og:url\" content=\"https:\/\/www.chateaudecerons.fr\/chateau-calvimont-aoc-graves-dry-white-3\/\" \/>\n<meta property=\"og:site_name\" content=\"Ch\u00e2teau de C\u00e9rons - Vins de Graves rouges et blancs\" \/>\n<meta property=\"article:modified_time\" content=\"2024-04-22T14:52:58+00:00\" \/>\n<meta name=\"twitter:card\" content=\"summary_large_image\" \/>\n<meta name=\"twitter:label1\" content=\"Est. reading time\" \/>\n\t<meta name=\"twitter:data1\" content=\"4 minutes\" \/>\n<script type=\"application\/ld+json\" class=\"yoast-schema-graph\">{\"@context\":\"https:\/\/schema.org\",\"@graph\":[{\"@type\":\"WebPage\",\"@id\":\"https:\/\/www.chateaudecerons.fr\/chateau-calvimont-aoc-graves-dry-white-3\/\",\"url\":\"https:\/\/www.chateaudecerons.fr\/chateau-calvimont-aoc-graves-dry-white-3\/\",\"name\":\"CHATEAU CALVIMONT | AOC GRAVES RED 10 YEARS EDITION - Ch\u00e2teau de C\u00e9rons - Vins de Graves rouges et blancs\",\"isPartOf\":{\"@id\":\"https:\/\/www.chateaudecerons.fr\/#website\"},\"datePublished\":\"2024-04-22T10:26:36+00:00\",\"dateModified\":\"2024-04-22T14:52:58+00:00\",\"breadcrumb\":{\"@id\":\"https:\/\/www.chateaudecerons.fr\/chateau-calvimont-aoc-graves-dry-white-3\/#breadcrumb\"},\"inLanguage\":\"en-US\",\"potentialAction\":[{\"@type\":\"ReadAction\",\"target\":[\"https:\/\/www.chateaudecerons.fr\/chateau-calvimont-aoc-graves-dry-white-3\/\"]}]},{\"@type\":\"BreadcrumbList\",\"@id\":\"https:\/\/www.chateaudecerons.fr\/chateau-calvimont-aoc-graves-dry-white-3\/#breadcrumb\",\"itemListElement\":[{\"@type\":\"ListItem\",\"position\":1,\"name\":\"Accueil\",\"item\":\"https:\/\/www.chateaudecerons.fr\/en\/\"},{\"@type\":\"ListItem\",\"position\":2,\"name\":\"CHATEAU CALVIMONTAOC GRAVES RED 10 YEARS EDITION\"}]},{\"@type\":\"WebSite\",\"@id\":\"https:\/\/www.chateaudecerons.fr\/#website\",\"url\":\"https:\/\/www.chateaudecerons.fr\/\",\"name\":\"Ch\u00e2teau de C\u00e9rons - Vins de Graves rouges et blancs\",\"description\":\"\",\"potentialAction\":[{\"@type\":\"SearchAction\",\"target\":{\"@type\":\"EntryPoint\",\"urlTemplate\":\"https:\/\/www.chateaudecerons.fr\/?s={search_term_string}\"},\"query-input\":{\"@type\":\"PropertyValueSpecification\",\"valueRequired\":true,\"valueName\":\"search_term_string\"}}],\"inLanguage\":\"en-US\"}]}<\/script>\n<!-- \/ Yoast SEO plugin. -->","yoast_head_json":{"title":"CHATEAU CALVIMONT | AOC GRAVES RED 10 YEARS EDITION - Ch\u00e2teau de C\u00e9rons - Vins de Graves rouges et blancs","robots":{"index":"index","follow":"follow","max-snippet":"max-snippet:-1","max-image-preview":"max-image-preview:large","max-video-preview":"max-video-preview:-1"},"canonical":"https:\/\/www.chateaudecerons.fr\/chateau-calvimont-aoc-graves-dry-white-3\/","og_locale":"en_US","og_type":"article","og_title":"CHATEAU CALVIMONT | AOC GRAVES RED 10 YEARS EDITION - Ch\u00e2teau de C\u00e9rons - Vins de Graves rouges et blancs","og_description":"[vc_row type=&#8221;in_container&#8221; full_screen_row_position=&#8221;middle&#8221; column_margin=&#8221;default&#8221; column_direction=&#8221;default&#8221; column_direction_tablet=&#8221;default&#8221; column_direction_phone=&#8221;default&#8221; scene_position=&#8221;center&#8221; text_color=&#8221;dark&#8221; text_align=&#8221;left&#8221; row_border_radius=&#8221;none&#8221; row_border_radius_applies=&#8221;bg&#8221; overflow=&#8221;visible&#8221; overlay_strength=&#8221;0.3&#8243; gradient_direction=&#8221;left_to_right&#8221; shape_divider_position=&#8221;bottom&#8221; bg_image_animation=&#8221;none&#8221;][vc_column column_padding=&#8221;no-extra-padding&#8221; column_padding_tablet=&#8221;inherit&#8221; column_padding_phone=&#8221;inherit&#8221; column_padding_position=&#8221;all&#8221; column_element_direction_desktop=&#8221;default&#8221; column_element_spacing=&#8221;default&#8221; desktop_text_alignment=&#8221;center&#8221; tablet_text_alignment=&#8221;default&#8221; phone_text_alignment=&#8221;default&#8221; sticky_content=&#8221;true&#8221; sticky_content_functionality=&#8221;js&#8221; background_color_opacity=&#8221;1&#8243; background_hover_color_opacity=&#8221;1&#8243;...","og_url":"https:\/\/www.chateaudecerons.fr\/chateau-calvimont-aoc-graves-dry-white-3\/","og_site_name":"Ch\u00e2teau de C\u00e9rons - Vins de Graves rouges et blancs","article_modified_time":"2024-04-22T14:52:58+00:00","twitter_card":"summary_large_image","twitter_misc":{"Est. reading time":"4 minutes"},"schema":{"@context":"https:\/\/schema.org","@graph":[{"@type":"WebPage","@id":"https:\/\/www.chateaudecerons.fr\/chateau-calvimont-aoc-graves-dry-white-3\/","url":"https:\/\/www.chateaudecerons.fr\/chateau-calvimont-aoc-graves-dry-white-3\/","name":"CHATEAU CALVIMONT | AOC GRAVES RED 10 YEARS EDITION - Ch\u00e2teau de C\u00e9rons - Vins de Graves rouges et blancs","isPartOf":{"@id":"https:\/\/www.chateaudecerons.fr\/#website"},"datePublished":"2024-04-22T10:26:36+00:00","dateModified":"2024-04-22T14:52:58+00:00","breadcrumb":{"@id":"https:\/\/www.chateaudecerons.fr\/chateau-calvimont-aoc-graves-dry-white-3\/#breadcrumb"},"inLanguage":"en-US","potentialAction":[{"@type":"ReadAction","target":["https:\/\/www.chateaudecerons.fr\/chateau-calvimont-aoc-graves-dry-white-3\/"]}]},{"@type":"BreadcrumbList","@id":"https:\/\/www.chateaudecerons.fr\/chateau-calvimont-aoc-graves-dry-white-3\/#breadcrumb","itemListElement":[{"@type":"ListItem","position":1,"name":"Accueil","item":"https:\/\/www.chateaudecerons.fr\/en\/"},{"@type":"ListItem","position":2,"name":"CHATEAU CALVIMONTAOC GRAVES RED 10 YEARS EDITION"}]},{"@type":"WebSite","@id":"https:\/\/www.chateaudecerons.fr\/#website","url":"https:\/\/www.chateaudecerons.fr\/","name":"Ch\u00e2teau de C\u00e9rons - Vins de Graves rouges et blancs","description":"","potentialAction":[{"@type":"SearchAction","target":{"@type":"EntryPoint","urlTemplate":"https:\/\/www.chateaudecerons.fr\/?s={search_term_string}"},"query-input":{"@type":"PropertyValueSpecification","valueRequired":true,"valueName":"search_term_string"}}],"inLanguage":"en-US"}]}},"_links":{"self":[{"href":"https:\/\/www.chateaudecerons.fr\/en\/wp-json\/wp\/v2\/pages\/16068","targetHints":{"allow":["GET"]}}],"collection":[{"href":"https:\/\/www.chateaudecerons.fr\/en\/wp-json\/wp\/v2\/pages"}],"about":[{"href":"https:\/\/www.chateaudecerons.fr\/en\/wp-json\/wp\/v2\/types\/page"}],"author":[{"embeddable":true,"href":"https:\/\/www.chateaudecerons.fr\/en\/wp-json\/wp\/v2\/users\/1"}],"replies":[{"embeddable":true,"href":"https:\/\/www.chateaudecerons.fr\/en\/wp-json\/wp\/v2\/comments?post=16068"}],"version-history":[{"count":2,"href":"https:\/\/www.chateaudecerons.fr\/en\/wp-json\/wp\/v2\/pages\/16068\/revisions"}],"predecessor-version":[{"id":16100,"href":"https:\/\/www.chateaudecerons.fr\/en\/wp-json\/wp\/v2\/pages\/16068\/revisions\/16100"}],"wp:attachment":[{"href":"https:\/\/www.chateaudecerons.fr\/en\/wp-json\/wp\/v2\/media?parent=16068"}],"curies":[{"name":"wp","href":"https:\/\/api.w.org\/{rel}","templated":true}]}}